{"id":460,"date":"2022-04-17T13:53:58","date_gmt":"2022-04-17T13:53:58","guid":{"rendered":"https:\/\/matilde.intellego.pt\/?page_id=460"},"modified":"2022-04-17T13:53:58","modified_gmt":"2022-04-17T13:53:58","slug":"quem-sou-eu-2","status":"publish","type":"page","link":"https:\/\/matilde.intellego.pt\/index.php\/quem-sou-eu-2\/","title":{"rendered":"Quem sou eu?"},"content":{"rendered":"\n<p>O meu nome \u00e9 Matilde, e criei este site com o intu\u00edto de partilhar os resultados dos trabalhos art\u00edsticos que fa\u00e7o nos meus tempos livres com quem estiver interessado e tamb\u00e9m de os guardar em formato digital para que mais tarde lhes consiga aceder. Os meus passatempos preferidos s\u00e3o as atividades que me permitem criar o conte\u00fado deste site, como desenhar, pintar, bordar, escrever, etc.. Para al\u00e9m destes, frequento desde cedo o ensino de m\u00fasica e aprendi, at\u00e9 hoje, a tocar tr\u00eas instrumentos diferentes, atividade esta que tamb\u00e9m conta como sendo um passatempo fixe para desligar da correria do dia-a-dia, quando o tempo o permite.<\/p>\n\n\n\n<p>Espero que gostem dos meus trabalhos e obrigada por visitarem! \ud83d\ude42<\/p>\n","protected":false},"excerpt":{"rendered":"<p>O meu nome \u00e9 Matilde, e criei este site com o intu\u00edto de partilhar os resultados dos trabalhos art\u00edsticos que fa\u00e7o nos meus tempos livres com quem estiver interessado e tamb\u00e9m de os guardar em formato digital para que mais tarde lhes consiga aceder. Os meus passatempos preferidos s\u00e3o as atividades que me permitem criar &hellip; <\/p>\n<p class=\"link-more\"><a href=\"https:\/\/matilde.intellego.pt\/index.php\/quem-sou-eu-2\/\" class=\"more-link\">Continuar a ler <span class=\"screen-reader-text\">&#8220;Quem sou eu?&#8221;<\/span><\/a><\/p>\n","protected":false},"author":1,"featured_media":0,"parent":0,"menu_order":0,"comment_status":"closed","ping_status":"closed","template":"","meta":{"footnotes":""},"_links":{"self":[{"href":"https:\/\/matilde.intellego.pt\/index.php\/wp-json\/wp\/v2\/pages\/460"}],"collection":[{"href":"https:\/\/matilde.intellego.pt\/index.php\/wp-json\/wp\/v2\/pages"}],"about":[{"href":"https:\/\/matilde.intellego.pt\/index.php\/wp-json\/wp\/v2\/types\/page"}],"author":[{"embeddable":true,"href":"https:\/\/matilde.intellego.pt\/index.php\/wp-json\/wp\/v2\/users\/1"}],"replies":[{"embeddable":true,"href":"https:\/\/matilde.intellego.pt\/index.php\/wp-json\/wp\/v2\/comments?post=460"}],"version-history":[{"count":2,"href":"https:\/\/matilde.intellego.pt\/index.php\/wp-json\/wp\/v2\/pages\/460\/revisions"}],"predecessor-version":[{"id":462,"href":"https:\/\/matilde.intellego.pt\/index.php\/wp-json\/wp\/v2\/pages\/460\/revisions\/462"}],"wp:attachment":[{"href":"https:\/\/matilde.intellego.pt\/index.php\/wp-json\/wp\/v2\/media?parent=460"}],"curies":[{"name":"wp","href":"https:\/\/api.w.org\/{rel}","templated":true}]}}