{"id":181,"date":"2020-05-23T21:00:24","date_gmt":"2020-05-23T21:00:24","guid":{"rendered":"http:\/\/matilde.intellego.pt\/?page_id=181"},"modified":"2020-09-07T12:39:25","modified_gmt":"2020-09-07T12:39:25","slug":"outros-sites","status":"publish","type":"page","link":"https:\/\/matilde.intellego.pt\/index.php\/outros-sites\/","title":{"rendered":"Outros sites"},"content":{"rendered":"\n<p>\u00c9 um(a) f\u00e3 de cozinha e gostaria de experimentar pratos diferentes, saud\u00e1veis e deliciosos? Tem um legume em casa e n\u00e3o sabe como o gastar? Visite o site:<\/p>\n\n\n\n<p><a rel=\"noreferrer noopener\" aria-label=\" (opens in a new tab)\" href=\"http:\/\/esterlinha.intellego.pt\" target=\"_blank\">\u00c0 descoberta dos sabores da felicidade<\/a><\/p>\n\n\n\n<p>Adora ler pequenos e expressivos romances com aventura, mist\u00e9rio e amor? Visite o site:<\/p>\n\n\n\n<p><a href=\"https:\/\/matildetsarabando.wixsite.com\/asaventurasdegabriel\" target=\"_blank\" rel=\"noreferrer noopener\" aria-label=\" (opens in a new tab)\">As Aventuras de Gabriel<\/a><\/p>\n\n\n\n<p>Gosta muito de  programa\u00e7\u00e3o, eletr\u00f3nica e telecomunica\u00e7\u00f5es? Visite o site:<\/p>\n\n\n\n<p><a href=\"http:\/\/flink.intellego.pt\" target=\"_blank\" rel=\"noreferrer noopener\" aria-label=\"Complaisant Spark (opens in a new tab)\">Complaisant Spark<\/a><\/p>\n","protected":false},"excerpt":{"rendered":"<p>\u00c9 um(a) f\u00e3 de cozinha e gostaria de experimentar pratos diferentes, saud\u00e1veis e deliciosos? Tem um legume em casa e n\u00e3o sabe como o gastar? Visite o site: \u00c0 descoberta dos sabores da felicidade Adora ler pequenos e expressivos romances com aventura, mist\u00e9rio e amor? Visite o site: As Aventuras de Gabriel Gosta muito de &hellip; <\/p>\n<p class=\"link-more\"><a href=\"https:\/\/matilde.intellego.pt\/index.php\/outros-sites\/\" class=\"more-link\">Continuar a ler <span class=\"screen-reader-text\">&#8220;Outros sites&#8221;<\/span><\/a><\/p>\n","protected":false},"author":1,"featured_media":0,"parent":0,"menu_order":0,"comment_status":"closed","ping_status":"closed","template":"","meta":{"footnotes":""},"_links":{"self":[{"href":"https:\/\/matilde.intellego.pt\/index.php\/wp-json\/wp\/v2\/pages\/181"}],"collection":[{"href":"https:\/\/matilde.intellego.pt\/index.php\/wp-json\/wp\/v2\/pages"}],"about":[{"href":"https:\/\/matilde.intellego.pt\/index.php\/wp-json\/wp\/v2\/types\/page"}],"author":[{"embeddable":true,"href":"https:\/\/matilde.intellego.pt\/index.php\/wp-json\/wp\/v2\/users\/1"}],"replies":[{"embeddable":true,"href":"https:\/\/matilde.intellego.pt\/index.php\/wp-json\/wp\/v2\/comments?post=181"}],"version-history":[{"count":4,"href":"https:\/\/matilde.intellego.pt\/index.php\/wp-json\/wp\/v2\/pages\/181\/revisions"}],"predecessor-version":[{"id":306,"href":"https:\/\/matilde.intellego.pt\/index.php\/wp-json\/wp\/v2\/pages\/181\/revisions\/306"}],"wp:attachment":[{"href":"https:\/\/matilde.intellego.pt\/index.php\/wp-json\/wp\/v2\/media?parent=181"}],"curies":[{"name":"wp","href":"https:\/\/api.w.org\/{rel}","templated":true}]}}